{"id":429,"date":"2021-03-28T19:31:52","date_gmt":"2021-03-28T16:31:52","guid":{"rendered":"http:\/\/www.fishbonestove.com\/?page_id=429"},"modified":"2021-07-11T18:54:44","modified_gmt":"2021-07-11T15:54:44","slug":"fb-05e","status":"publish","type":"page","link":"https:\/\/www.fishbonestove.com\/fi\/fb-05e\/","title":{"rendered":"FB-05E"},"content":{"rendered":"<div data-elementor-type=\"wp-page\" data-elementor-id=\"429\" class=\"elementor elementor-429\">\n\t\t\t\t\t\t<section class=\"elementor-section elementor-top-section elementor-element elementor-element-d149cc4 elementor-section-boxed elementor-section-height-default elementor-section-height-default\" data-id=\"d149cc4\" data-element_type=\"section\" data-e-type=\"section\">\n\t\t\t\t\t\t<div class=\"elementor-container elementor-column-gap-default\">\n\t\t\t\t\t<div class=\"elementor-column elementor-col-50 elementor-top-column elementor-element elementor-element-f5d6c61\" data-id=\"f5d6c61\" data-element_type=\"column\" data-e-type=\"column\">\n\t\t\t<div class=\"elementor-widget-wrap elementor-element-populated\">\n\t\t\t\t\t\t<div class=\"elementor-element elementor-element-25b1760 elementor-widget elementor-widget-image\" data-id=\"25b1760\" data-element_type=\"widget\" data-e-type=\"widget\" data-widget_type=\"image.default\">\n\t\t\t\t\t\t\t\t\t\t\t\t\t\t\t<img fetchpriority=\"high\" decoding=\"async\" width=\"1024\" height=\"1024\" src=\"https:\/\/www.fishbonestove.com\/wp-content\/uploads\/sites\/3\/2021\/04\/FB-05E-peacock-blue-white-background-1024x1024.jpg\" class=\"attachment-large size-large wp-image-612\" alt=\"\" srcset=\"https:\/\/www.fishbonestove.com\/wp-content\/uploads\/sites\/3\/2021\/04\/FB-05E-peacock-blue-white-background-1024x1024.jpg 1024w, https:\/\/www.fishbonestove.com\/wp-content\/uploads\/sites\/3\/2021\/04\/FB-05E-peacock-blue-white-background-300x300.jpg 300w, https:\/\/www.fishbonestove.com\/wp-content\/uploads\/sites\/3\/2021\/04\/FB-05E-peacock-blue-white-background-150x150.jpg 150w, https:\/\/www.fishbonestove.com\/wp-content\/uploads\/sites\/3\/2021\/04\/FB-05E-peacock-blue-white-background-768x768.jpg 768w, https:\/\/www.fishbonestove.com\/wp-content\/uploads\/sites\/3\/2021\/04\/FB-05E-peacock-blue-white-background-1536x1536.jpg 1536w, https:\/\/www.fishbonestove.com\/wp-content\/uploads\/sites\/3\/2021\/04\/FB-05E-peacock-blue-white-background.jpg 1920w\" sizes=\"(max-width: 1024px) 100vw, 1024px\" \/>\t\t\t\t\t\t\t\t\t\t\t\t\t\t\t<\/div>\n\t\t\t\t\t<\/div>\n\t\t<\/div>\n\t\t\t\t<div class=\"elementor-column elementor-col-50 elementor-top-column elementor-element elementor-element-03b343a\" data-id=\"03b343a\" data-element_type=\"column\" data-e-type=\"column\" data-settings=\"{&quot;background_background&quot;:&quot;classic&quot;}\">\n\t\t\t<div class=\"elementor-widget-wrap elementor-element-populated\">\n\t\t\t\t\t\t<div class=\"elementor-element elementor-element-1df2127 elementor-widget elementor-widget-heading\" data-id=\"1df2127\" data-element_type=\"widget\" data-e-type=\"widget\" data-widget_type=\"heading.default\">\n\t\t\t\t\t<h1 class=\"elementor-heading-title elementor-size-default\">FB-05E <\/h1>\t\t\t\t<\/div>\n\t\t\t\t<div class=\"elementor-element elementor-element-9a42704 elementor-widget elementor-widget-heading\" data-id=\"9a42704\" data-element_type=\"widget\" data-e-type=\"widget\" data-widget_type=\"heading.default\">\n\t\t\t\t\t<h2 class=\"elementor-heading-title elementor-size-default\">Pienikokoinen etanolikeitin<\/h2>\t\t\t\t<\/div>\n\t\t\t\t<div class=\"elementor-element elementor-element-1a420e0 elementor-widget elementor-widget-text-editor\" data-id=\"1a420e0\" data-element_type=\"widget\" data-e-type=\"widget\" data-widget_type=\"text-editor.default\">\n\t\t\t\t\t\t\t\t\t<ul><li style=\"font-size: 15px;\"><span style=\"font-size: 15px; font-style: normal; font-weight: 400;\">1000 W l\u00e4mmitysteho<\/span><\/li><li style=\"font-size: 15px;\">Sopii kevyeen ruoanlaittoon ja kuumien juomien, kuten kahvin ja teen valmistukseen<\/li><li>Mahtuu pieneen kokoon: kattilanpitimet sek\u00e4 tuulisuoja irroitettavaissa s\u00e4ilytyst\u00e4 varten<\/li><li>Kevyt kantaa, erinomainen patikointiin ja retkeilyyn<\/li><\/ul>\t\t\t\t\t\t\t\t<\/div>\n\t\t\t\t\t<\/div>\n\t\t<\/div>\n\t\t\t\t\t<\/div>\n\t\t<\/section>\n\t\t\t\t<section class=\"elementor-section elementor-top-section elementor-element elementor-element-d456fc3 elementor-section-boxed elementor-section-height-default elementor-section-height-default\" data-id=\"d456fc3\" data-element_type=\"section\" data-e-type=\"section\">\n\t\t\t\t\t\t<div class=\"elementor-container elementor-column-gap-no\">\n\t\t\t\t\t<div class=\"elementor-column elementor-col-50 elementor-top-column elementor-element elementor-element-f0ee60d\" data-id=\"f0ee60d\" data-element_type=\"column\" data-e-type=\"column\" data-settings=\"{&quot;background_background&quot;:&quot;classic&quot;}\">\n\t\t\t<div class=\"elementor-widget-wrap elementor-element-populated\">\n\t\t\t\t\t\t<div class=\"elementor-element elementor-element-41aad2c elementor-widget elementor-widget-heading\" data-id=\"41aad2c\" data-element_type=\"widget\" data-e-type=\"widget\" data-widget_type=\"heading.default\">\n\t\t\t\t\t<h2 class=\"elementor-heading-title elementor-size-default\">Tekniset tiedot<\/h2>\t\t\t\t<\/div>\n\t\t\t\t<div class=\"elementor-element elementor-element-d66a54c elementor-widget elementor-widget-spacer\" data-id=\"d66a54c\" data-element_type=\"widget\" data-e-type=\"widget\" data-widget_type=\"spacer.default\">\n\t\t\t\t\t\t\t<div class=\"elementor-spacer\">\n\t\t\t<div class=\"elementor-spacer-inner\"><\/div>\n\t\t<\/div>\n\t\t\t\t\t\t<\/div>\n\t\t\t\t<div class=\"elementor-element elementor-element-17a4510 elementor-widget elementor-widget-eael-advanced-data-table\" data-id=\"17a4510\" data-element_type=\"widget\" data-e-type=\"widget\" data-widget_type=\"eael-advanced-data-table.default\">\n\t\t\t\t\t<div class=\"ea-advanced-data-table-wrap\" data-id=\"17a4510\"><div class=\"ea-advanced-data-table-wrap-inner\">\n                <table class=\"ea-advanced-data-table ea-advanced-data-table-static ea-advanced-data-table-17a4510\" data-id=\"17a4510\"><thead><\/thead><tbody><tr><td><p>Koko (halkaisija \u00d7 korkeus)<\/p><\/td><td><p>120 \u00d7 100 mm<\/p><\/td><\/tr><tr><td><p>Paino<\/p><\/td><td><p>250 g<\/p><\/td><\/tr><tr><td><p>K\u00e4ytt\u00f6l\u00e4mp\u00f6tila<\/p><\/td><td><p>-20 ... +40 \u00b0C<\/p><\/td><\/tr><tr><td><p>Polttoaine<\/p><\/td><td><p>Bioetanoli (95% puhdas)<\/p><\/td><\/tr><tr><td><p>Tankin tilavuus<\/p><\/td><td><p>120 ml<\/p><\/td><\/tr><tr><td><p>Tehoa<\/p><\/td><td><p>1000 W<\/p><\/td><\/tr><tr><td><p>K\u00e4ytt\u00f6aika t\u00e4ydell\u00e4 teholla<\/p><\/td><td><p>30 min<\/p><\/td><\/tr><tr><td><p>Sopiva kattilan pohjan halkaisija<\/p><\/td><td><p>5 \u2026 15 cm<\/p><\/td><\/tr><\/tbody><\/table>\n            <\/div><\/div>\t\t\t\t<\/div>\n\t\t\t\t\t<\/div>\n\t\t<\/div>\n\t\t\t\t<div class=\"elementor-column elementor-col-50 elementor-top-column elementor-element elementor-element-95df46a\" data-id=\"95df46a\" data-element_type=\"column\" data-e-type=\"column\">\n\t\t\t<div class=\"elementor-widget-wrap elementor-element-populated\">\n\t\t\t\t\t\t<div class=\"elementor-element elementor-element-a0e9a45 elementor-widget elementor-widget-image\" data-id=\"a0e9a45\" data-element_type=\"widget\" data-e-type=\"widget\" data-widget_type=\"image.default\">\n\t\t\t\t\t\t\t\t\t\t\t\t\t\t\t\t<a href=\"http:\/\/www.fishbonestove.com\/fi\/fb-02e\/\">\n\t\t\t\t\t\t\t<img decoding=\"async\" width=\"1920\" height=\"1920\" src=\"https:\/\/www.fishbonestove.com\/wp-content\/uploads\/sites\/3\/2021\/04\/FB-05E-hero.jpg\" class=\"attachment-full size-full wp-image-528\" alt=\"\" srcset=\"https:\/\/www.fishbonestove.com\/wp-content\/uploads\/sites\/3\/2021\/04\/FB-05E-hero.jpg 1920w, https:\/\/www.fishbonestove.com\/wp-content\/uploads\/sites\/3\/2021\/04\/FB-05E-hero-300x300.jpg 300w, https:\/\/www.fishbonestove.com\/wp-content\/uploads\/sites\/3\/2021\/04\/FB-05E-hero-1024x1024.jpg 1024w, https:\/\/www.fishbonestove.com\/wp-content\/uploads\/sites\/3\/2021\/04\/FB-05E-hero-150x150.jpg 150w, https:\/\/www.fishbonestove.com\/wp-content\/uploads\/sites\/3\/2021\/04\/FB-05E-hero-768x768.jpg 768w, https:\/\/www.fishbonestove.com\/wp-content\/uploads\/sites\/3\/2021\/04\/FB-05E-hero-1536x1536.jpg 1536w\" sizes=\"(max-width: 1920px) 100vw, 1920px\" \/>\t\t\t\t\t\t\t\t<\/a>\n\t\t\t\t\t\t\t\t\t\t\t\t\t\t\t<\/div>\n\t\t\t\t\t<\/div>\n\t\t<\/div>\n\t\t\t\t\t<\/div>\n\t\t<\/section>\n\t\t\t\t<section class=\"elementor-section elementor-top-section elementor-element elementor-element-a838ca1 elementor-section-boxed elementor-section-height-default elementor-section-height-default\" data-id=\"a838ca1\" data-element_type=\"section\" data-e-type=\"section\">\n\t\t\t\t\t\t<div class=\"elementor-container elementor-column-gap-default\">\n\t\t\t\t\t<div class=\"elementor-column elementor-col-100 elementor-top-column elementor-element elementor-element-7023039\" data-id=\"7023039\" data-element_type=\"column\" data-e-type=\"column\">\n\t\t\t<div class=\"elementor-widget-wrap elementor-element-populated\">\n\t\t\t\t\t\t<div class=\"elementor-element elementor-element-751648d elementor-widget elementor-widget-spacer\" data-id=\"751648d\" data-element_type=\"widget\" data-e-type=\"widget\" data-widget_type=\"spacer.default\">\n\t\t\t\t\t\t\t<div class=\"elementor-spacer\">\n\t\t\t<div class=\"elementor-spacer-inner\"><\/div>\n\t\t<\/div>\n\t\t\t\t\t\t<\/div>\n\t\t\t\t<div class=\"elementor-element elementor-element-d589ac1 elementor-arrows-position-inside elementor-pagination-position-outside elementor-widget elementor-widget-image-carousel\" data-id=\"d589ac1\" data-element_type=\"widget\" data-e-type=\"widget\" data-settings=\"{&quot;navigation&quot;:&quot;both&quot;,&quot;autoplay&quot;:&quot;yes&quot;,&quot;pause_on_hover&quot;:&quot;yes&quot;,&quot;pause_on_interaction&quot;:&quot;yes&quot;,&quot;autoplay_speed&quot;:5000,&quot;infinite&quot;:&quot;yes&quot;,&quot;speed&quot;:500}\" data-widget_type=\"image-carousel.default\">\n\t\t\t\t\t\t\t<div class=\"elementor-image-carousel-wrapper swiper\" role=\"region\" aria-roledescription=\"carousel\" aria-label=\"Kuvakaruselli\" dir=\"ltr\">\n\t\t\t<div class=\"elementor-image-carousel swiper-wrapper\" aria-live=\"off\">\n\t\t\t\t\t\t\t\t<div class=\"swiper-slide\" role=\"group\" aria-roledescription=\"slide\" aria-label=\"1 of 4\"><figure class=\"swiper-slide-inner\"><img decoding=\"async\" class=\"swiper-slide-image\" src=\"https:\/\/www.fishbonestove.com\/wp-content\/uploads\/sites\/3\/2021\/04\/FB-05E-royal-yellow-white-background-1-768x768.jpg\" alt=\"Royal yellow\" \/><figcaption class=\"elementor-image-carousel-caption\">Kuninkaallinen keltainen<\/figcaption><\/figure><\/div><div class=\"swiper-slide\" role=\"group\" aria-roledescription=\"slide\" aria-label=\"2 of 4\"><figure class=\"swiper-slide-inner\"><img decoding=\"async\" class=\"swiper-slide-image\" src=\"https:\/\/www.fishbonestove.com\/wp-content\/uploads\/sites\/3\/2021\/04\/FB-05E-iron-gray-white-background-1-768x768.jpg\" alt=\"Iron gray\" \/><figcaption class=\"elementor-image-carousel-caption\">Raudanharmaa<\/figcaption><\/figure><\/div><div class=\"swiper-slide\" role=\"group\" aria-roledescription=\"slide\" aria-label=\"3 of 4\"><figure class=\"swiper-slide-inner\"><img decoding=\"async\" class=\"swiper-slide-image\" src=\"https:\/\/www.fishbonestove.com\/wp-content\/uploads\/sites\/3\/2021\/04\/FB-05E-volcano-red-white-background-1-768x768.jpg\" alt=\"Volcano red\" \/><figcaption class=\"elementor-image-carousel-caption\">Tulivuorenpunainen<\/figcaption><\/figure><\/div><div class=\"swiper-slide\" role=\"group\" aria-roledescription=\"slide\" aria-label=\"4 of 4\"><figure class=\"swiper-slide-inner\"><img decoding=\"async\" class=\"swiper-slide-image\" src=\"https:\/\/www.fishbonestove.com\/wp-content\/uploads\/sites\/3\/2021\/04\/FB-05E-peacock-blue-white-background-768x768.jpg\" alt=\"Peacock blue\" \/><figcaption class=\"elementor-image-carousel-caption\">Riikinkukon sininen<\/figcaption><\/figure><\/div>\t\t\t<\/div>\n\t\t\t\t\t\t\t\t\t\t\t\t<div class=\"elementor-swiper-button elementor-swiper-button-prev\" role=\"button\" tabindex=\"0\">\n\t\t\t\t\t\t<svg aria-hidden=\"true\" class=\"e-font-icon-svg e-eicon-chevron-left\" viewbox=\"0 0 1000 1000\" xmlns=\"http:\/\/www.w3.org\/2000\/svg\"><path d=\"M646 125C629 125 613 133 604 142L308 442C296 454 292 471 292 487 292 504 296 521 308 533L604 854C617 867 629 875 646 875 663 875 679 871 692 858 704 846 713 829 713 812 713 796 708 779 692 767L438 487 692 225C700 217 708 204 708 187 708 171 704 154 692 142 675 129 663 125 646 125Z\"><\/path><\/svg>\t\t\t\t\t<\/div>\n\t\t\t\t\t<div class=\"elementor-swiper-button elementor-swiper-button-next\" role=\"button\" tabindex=\"0\">\n\t\t\t\t\t\t<svg aria-hidden=\"true\" class=\"e-font-icon-svg e-eicon-chevron-right\" viewbox=\"0 0 1000 1000\" xmlns=\"http:\/\/www.w3.org\/2000\/svg\"><path d=\"M696 533C708 521 713 504 713 487 713 471 708 454 696 446L400 146C388 133 375 125 354 125 338 125 325 129 313 142 300 154 292 171 292 187 292 204 296 221 308 233L563 492 304 771C292 783 288 800 288 817 288 833 296 850 308 863 321 871 338 875 354 875 371 875 388 867 400 854L696 533Z\"><\/path><\/svg>\t\t\t\t\t<\/div>\n\t\t\t\t\n\t\t\t\t\t\t\t\t\t<div class=\"swiper-pagination\"><\/div>\n\t\t\t\t\t\t\t\t\t<\/div>\n\t\t\t\t\t\t<\/div>\n\t\t\t\t\t<\/div>\n\t\t<\/div>\n\t\t\t\t\t<\/div>\n\t\t<\/section>\n\t\t\t\t<section class=\"elementor-section elementor-top-section elementor-element elementor-element-7ecaba3d elementor-section-boxed elementor-section-height-default elementor-section-height-default\" data-id=\"7ecaba3d\" data-element_type=\"section\" data-e-type=\"section\">\n\t\t\t\t\t\t<div class=\"elementor-container elementor-column-gap-default\">\n\t\t\t\t\t<div class=\"elementor-column elementor-col-100 elementor-top-column elementor-element elementor-element-498536a1\" data-id=\"498536a1\" data-element_type=\"column\" data-e-type=\"column\">\n\t\t\t<div class=\"elementor-widget-wrap elementor-element-populated\">\n\t\t\t\t\t\t<div class=\"elementor-element elementor-element-5ef9a88b elementor-widget elementor-widget-spacer\" data-id=\"5ef9a88b\" data-element_type=\"widget\" data-e-type=\"widget\" data-widget_type=\"spacer.default\">\n\t\t\t\t\t\t\t<div class=\"elementor-spacer\">\n\t\t\t<div class=\"elementor-spacer-inner\"><\/div>\n\t\t<\/div>\n\t\t\t\t\t\t<\/div>\n\t\t\t\t<div class=\"elementor-element elementor-element-ca0278d elementor-widget elementor-widget-video\" data-id=\"ca0278d\" data-element_type=\"widget\" data-e-type=\"widget\" data-settings=\"{&quot;youtube_url&quot;:&quot;https:\\\/\\\/youtu.be\\\/nUh83ObiXjw&quot;,&quot;video_type&quot;:&quot;youtube&quot;,&quot;controls&quot;:&quot;yes&quot;}\" data-widget_type=\"video.default\">\n\t\t\t\t\t\t\t<div class=\"elementor-wrapper elementor-open-inline\">\n\t\t\t<div class=\"elementor-video\"><\/div>\t\t<\/div>\n\t\t\t\t\t\t<\/div>\n\t\t\t\t<div class=\"elementor-element elementor-element-2e94b3a3 elementor-widget elementor-widget-spacer\" data-id=\"2e94b3a3\" data-element_type=\"widget\" data-e-type=\"widget\" data-widget_type=\"spacer.default\">\n\t\t\t\t\t\t\t<div class=\"elementor-spacer\">\n\t\t\t<div class=\"elementor-spacer-inner\"><\/div>\n\t\t<\/div>\n\t\t\t\t\t\t<\/div>\n\t\t\t\t\t<\/div>\n\t\t<\/div>\n\t\t\t\t\t<\/div>\n\t\t<\/section>\n\t\t\t\t<\/div>","protected":false},"excerpt":{"rendered":"<p>FB-05E Miniature bioethanol stove 1000 W heating power Suitable for light cooking and hot drinks such as coffee and tea Small size when pot holders and windshield are detached for storage Highly portable, excellent for hiking and camping Specifications Size (diameter \u00d7 height) 120 \u00d7 100 mm (4.7&nbsp;\u00d7&nbsp;3.9&nbsp;in) Weight 250 g (8.8&nbsp;oz.) Operating temperature -20 [&hellip;]<\/p>\n","protected":false},"author":2,"featured_media":0,"parent":0,"menu_order":0,"comment_status":"closed","ping_status":"closed","template":"elementor_header_footer","meta":{"inline_featured_image":false,"site-sidebar-layout":"no-sidebar","site-content-layout":"plain-container","ast-site-content-layout":"default","site-content-style":"default","site-sidebar-style":"default","ast-global-header-display":"","ast-banner-title-visibility":"","ast-main-header-display":"","ast-hfb-above-header-display":"","ast-hfb-below-header-display":"","ast-hfb-mobile-header-display":"","site-post-title":"disabled","ast-breadcrumbs-content":"","ast-featured-img":"disabled","footer-sml-layout":"","ast-disable-related-posts":"","theme-transparent-header-meta":"default","adv-header-id-meta":"","stick-header-meta":"","header-above-stick-meta":"","header-main-stick-meta":"","header-below-stick-meta":"","astra-migrate-meta-layouts":"default","ast-page-background-enabled":"default","ast-page-background-meta":{"desktop":{"background-color":"","background-image":"","background-repeat":"repeat","background-position":"center center","background-size":"auto","background-attachment":"scroll","background-type":"","background-media":"","overlay-type":"","overlay-color":"","overlay-opacity":"","overlay-gradient":""},"tablet":{"background-color":"","background-image":"","background-repeat":"repeat","background-position":"center center","background-size":"auto","background-attachment":"scroll","background-type":"","background-media":"","overlay-type":"","overlay-color":"","overlay-opacity":"","overlay-gradient":""},"mobile":{"background-color":"","background-image":"","background-repeat":"repeat","background-position":"center center","background-size":"auto","background-attachment":"scroll","background-type":"","background-media":"","overlay-type":"","overlay-color":"","overlay-opacity":"","overlay-gradient":""}},"ast-content-background-meta":{"desktop":{"background-color":"var(--ast-global-color-5)","background-image":"","background-repeat":"repeat","background-position":"center center","background-size":"auto","background-attachment":"scroll","background-type":"","background-media":"","overlay-type":"","overlay-color":"","overlay-opacity":"","overlay-gradient":""},"tablet":{"background-color":"var(--ast-global-color-5)","background-image":"","background-repeat":"repeat","background-position":"center center","background-size":"auto","background-attachment":"scroll","background-type":"","background-media":"","overlay-type":"","overlay-color":"","overlay-opacity":"","overlay-gradient":""},"mobile":{"background-color":"var(--ast-global-color-5)","background-image":"","background-repeat":"repeat","background-position":"center center","background-size":"auto","background-attachment":"scroll","background-type":"","background-media":"","overlay-type":"","overlay-color":"","overlay-opacity":"","overlay-gradient":""}},"footnotes":""},"class_list":["post-429","page","type-page","status-publish","hentry"],"aioseo_notices":[],"_links":{"self":[{"href":"https:\/\/www.fishbonestove.com\/fi\/wp-json\/wp\/v2\/pages\/429","targetHints":{"allow":["GET"]}}],"collection":[{"href":"https:\/\/www.fishbonestove.com\/fi\/wp-json\/wp\/v2\/pages"}],"about":[{"href":"https:\/\/www.fishbonestove.com\/fi\/wp-json\/wp\/v2\/types\/page"}],"author":[{"embeddable":true,"href":"https:\/\/www.fishbonestove.com\/fi\/wp-json\/wp\/v2\/users\/2"}],"replies":[{"embeddable":true,"href":"https:\/\/www.fishbonestove.com\/fi\/wp-json\/wp\/v2\/comments?post=429"}],"version-history":[{"count":55,"href":"https:\/\/www.fishbonestove.com\/fi\/wp-json\/wp\/v2\/pages\/429\/revisions"}],"predecessor-version":[{"id":816,"href":"https:\/\/www.fishbonestove.com\/fi\/wp-json\/wp\/v2\/pages\/429\/revisions\/816"}],"wp:attachment":[{"href":"https:\/\/www.fishbonestove.com\/fi\/wp-json\/wp\/v2\/media?parent=429"}],"curies":[{"name":"wp","href":"https:\/\/api.w.org\/{rel}","templated":true}]}}