{"id":62,"date":"2019-12-11T19:34:31","date_gmt":"2019-12-11T17:34:31","guid":{"rendered":"http:\/\/www.fishbonestove.com\/?page_id=62"},"modified":"2021-04-05T18:52:07","modified_gmt":"2021-04-05T15:52:07","slug":"products","status":"publish","type":"page","link":"http:\/\/www.fishbonestove.com\/de\/products\/","title":{"rendered":"Produkte"},"content":{"rendered":"<div data-elementor-type=\"wp-page\" data-elementor-id=\"62\" class=\"elementor elementor-62\">\n\t\t\t\t\t\t<section class=\"elementor-section elementor-top-section elementor-element elementor-element-4126ccb elementor-section-boxed elementor-section-height-default elementor-section-height-default\" data-id=\"4126ccb\" data-element_type=\"section\" data-e-type=\"section\">\n\t\t\t\t\t\t<div class=\"elementor-container elementor-column-gap-default\">\n\t\t\t\t\t<div class=\"elementor-column elementor-col-50 elementor-top-column elementor-element elementor-element-8304b0e\" data-id=\"8304b0e\" data-element_type=\"column\" data-e-type=\"column\">\n\t\t\t<div class=\"elementor-widget-wrap elementor-element-populated\">\n\t\t\t\t\t\t<div class=\"elementor-element elementor-element-d58ce9f elementor-widget elementor-widget-image\" data-id=\"d58ce9f\" data-element_type=\"widget\" data-e-type=\"widget\" data-widget_type=\"image.default\">\n\t\t\t\t\t\t\t\t\t\t\t\t\t\t\t<img fetchpriority=\"high\" decoding=\"async\" width=\"1024\" height=\"1024\" src=\"https:\/\/www.fishbonestove.com\/wp-content\/uploads\/sites\/3\/2021\/04\/FB-02E-pear-yellow-white-background-1024x1024.jpg\" class=\"attachment-large size-large wp-image-602\" alt=\"\" srcset=\"https:\/\/www.fishbonestove.com\/wp-content\/uploads\/sites\/3\/2021\/04\/FB-02E-pear-yellow-white-background-1024x1024.jpg 1024w, https:\/\/www.fishbonestove.com\/wp-content\/uploads\/sites\/3\/2021\/04\/FB-02E-pear-yellow-white-background-300x300.jpg 300w, https:\/\/www.fishbonestove.com\/wp-content\/uploads\/sites\/3\/2021\/04\/FB-02E-pear-yellow-white-background-150x150.jpg 150w, https:\/\/www.fishbonestove.com\/wp-content\/uploads\/sites\/3\/2021\/04\/FB-02E-pear-yellow-white-background-768x768.jpg 768w, https:\/\/www.fishbonestove.com\/wp-content\/uploads\/sites\/3\/2021\/04\/FB-02E-pear-yellow-white-background-1536x1536.jpg 1536w, https:\/\/www.fishbonestove.com\/wp-content\/uploads\/sites\/3\/2021\/04\/FB-02E-pear-yellow-white-background.jpg 1920w\" sizes=\"(max-width: 1024px) 100vw, 1024px\" \/>\t\t\t\t\t\t\t\t\t\t\t\t\t\t\t<\/div>\n\t\t\t\t\t<\/div>\n\t\t<\/div>\n\t\t\t\t<div class=\"elementor-column elementor-col-50 elementor-top-column elementor-element elementor-element-dd70d68\" data-id=\"dd70d68\" data-element_type=\"column\" data-e-type=\"column\" data-settings=\"{&quot;background_background&quot;:&quot;classic&quot;}\">\n\t\t\t<div class=\"elementor-widget-wrap elementor-element-populated\">\n\t\t\t\t\t\t<div class=\"elementor-element elementor-element-d37aa10 elementor-widget elementor-widget-heading\" data-id=\"d37aa10\" data-element_type=\"widget\" data-e-type=\"widget\" data-widget_type=\"heading.default\">\n\t\t\t\t\t<h1 class=\"elementor-heading-title elementor-size-default\">FB-02E<\/h1>\t\t\t\t<\/div>\n\t\t\t\t<div class=\"elementor-element elementor-element-3bdad66 elementor-widget elementor-widget-text-editor\" data-id=\"3bdad66\" data-element_type=\"widget\" data-e-type=\"widget\" data-widget_type=\"text-editor.default\">\n\t\t\t\t\t\t\t\t\t<p>Idealer Kocher f\u00fcr Ihr Haus, Ihr Boot oder Ihr Sommerhaus<\/p>\n<ul>\n<li>Gro\u00df und stabil genug, um normale Kocht\u00f6pfe zu verwenden<\/li>\n<li>Erfordert minimale Vorbereitung f\u00fcr die Verwendung<\/li>\n<li>Die Laufzeit bei vollem Tank ist lang genug f\u00fcr die meisten Anwendungen und auch f\u00fcr geselliges Kochen<\/li>\n<li>Hervorragender Kocher f\u00fcr den Notbetrieb<\/li>\n<\/ul>\t\t\t\t\t\t\t\t<\/div>\n\t\t\t\t\t<\/div>\n\t\t<\/div>\n\t\t\t\t\t<\/div>\n\t\t<\/section>\n\t\t\t\t<section class=\"elementor-section elementor-top-section elementor-element elementor-element-54383326 elementor-section-boxed elementor-section-height-default elementor-section-height-default\" data-id=\"54383326\" data-element_type=\"section\" data-e-type=\"section\">\n\t\t\t\t\t\t<div class=\"elementor-container elementor-column-gap-no\">\n\t\t\t\t\t<div class=\"elementor-column elementor-col-50 elementor-top-column elementor-element elementor-element-70ce2bd8\" data-id=\"70ce2bd8\" data-element_type=\"column\" data-e-type=\"column\" data-settings=\"{&quot;background_background&quot;:&quot;classic&quot;}\">\n\t\t\t<div class=\"elementor-widget-wrap elementor-element-populated\">\n\t\t\t\t\t\t<div class=\"elementor-element elementor-element-8ac8be4 elementor-widget elementor-widget-heading\" data-id=\"8ac8be4\" data-element_type=\"widget\" data-e-type=\"widget\" data-widget_type=\"heading.default\">\n\t\t\t\t\t<h2 class=\"elementor-heading-title elementor-size-default\">FB-02E Spezifikationen<\/h2>\t\t\t\t<\/div>\n\t\t\t\t<div class=\"elementor-element elementor-element-2a464fb elementor-widget elementor-widget-eael-advanced-data-table\" data-id=\"2a464fb\" data-element_type=\"widget\" data-e-type=\"widget\" data-widget_type=\"eael-advanced-data-table.default\">\n\t\t\t\t\t<div class=\"ea-advanced-data-table-wrap\" data-id=\"2a464fb\"><div class=\"ea-advanced-data-table-wrap-inner\">\n                <table class=\"ea-advanced-data-table ea-advanced-data-table-static ea-advanced-data-table-2a464fb\" data-id=\"2a464fb\"><thead><\/thead><tbody><tr><td><p>Gr\u00f6\u00dfe (Durchmesser \u00d7 H\u00f6he)<\/p><\/td><td><p>155 \u00d7 114 mm (6,1 \u00d7 4,5 Zoll)<\/p><\/td><\/tr><tr><td><p>Gewicht<\/p><\/td><td><p>600 g (21,2 oz.)&nbsp;<\/p><\/td><\/tr><tr><td><p>Betriebstemperatur<\/p><\/td><td><p>-20 ... +40 \u00b0C (-4 ... +100 \u00b0F)<\/p><\/td><\/tr><tr><td><p>Brennstoffart<\/p><\/td><td><p>Bioethanol (mind. 95% rein)<\/p><\/td><\/tr><tr><td><p>Tankinhalt<\/p><\/td><td><p>380 ml (12,8 fl oz.)<\/p><\/td><\/tr><tr><td><p>Leistung<\/p><\/td><td><p>1300 W (4400 BTU\/Std.)<\/p><\/td><\/tr><tr><td><p>Betriebszeit bei voller Leistung<\/p><\/td><td><p>95 min<\/p><\/td><\/tr><tr><td><p>Durchmesser des geeigneten Topfbodens<\/p><\/td><td><p>8,5 ... 20 cm (3,4 ... 8 Zoll)<\/p><\/td><\/tr><\/tbody><\/table>\n            <\/div><\/div>\t\t\t\t<\/div>\n\t\t\t\t\t<\/div>\n\t\t<\/div>\n\t\t\t\t<div class=\"elementor-column elementor-col-50 elementor-top-column elementor-element elementor-element-54716d04\" data-id=\"54716d04\" data-element_type=\"column\" data-e-type=\"column\">\n\t\t\t<div class=\"elementor-widget-wrap elementor-element-populated\">\n\t\t\t\t\t\t<div class=\"elementor-element elementor-element-a3ba5cf elementor-widget elementor-widget-menu-anchor\" data-id=\"a3ba5cf\" data-element_type=\"widget\" data-e-type=\"widget\" data-widget_type=\"menu-anchor.default\">\n\t\t\t\t\t\t\t<div class=\"elementor-menu-anchor\" id=\"fb0\"><\/div>\n\t\t\t\t\t\t<\/div>\n\t\t\t\t<div class=\"elementor-element elementor-element-3ecca8d9 elementor-widget elementor-widget-image\" data-id=\"3ecca8d9\" data-element_type=\"widget\" data-e-type=\"widget\" data-widget_type=\"image.default\">\n\t\t\t\t\t\t\t\t\t\t\t\t\t\t\t\t<a href=\"http:\/\/www.fishbonestove.com\/de\/fb-02e\/\">\n\t\t\t\t\t\t\t<img decoding=\"async\" width=\"1920\" height=\"1920\" src=\"https:\/\/www.fishbonestove.com\/wp-content\/uploads\/sites\/3\/2020\/09\/FB-02E-hero.jpg\" class=\"attachment-full size-full wp-image-227\" alt=\"\" srcset=\"https:\/\/www.fishbonestove.com\/wp-content\/uploads\/sites\/3\/2020\/09\/FB-02E-hero.jpg 1920w, https:\/\/www.fishbonestove.com\/wp-content\/uploads\/sites\/3\/2020\/09\/FB-02E-hero-300x300.jpg 300w, https:\/\/www.fishbonestove.com\/wp-content\/uploads\/sites\/3\/2020\/09\/FB-02E-hero-1024x1024.jpg 1024w, https:\/\/www.fishbonestove.com\/wp-content\/uploads\/sites\/3\/2020\/09\/FB-02E-hero-150x150.jpg 150w, https:\/\/www.fishbonestove.com\/wp-content\/uploads\/sites\/3\/2020\/09\/FB-02E-hero-768x768.jpg 768w, https:\/\/www.fishbonestove.com\/wp-content\/uploads\/sites\/3\/2020\/09\/FB-02E-hero-1536x1536.jpg 1536w\" sizes=\"(max-width: 1920px) 100vw, 1920px\" \/>\t\t\t\t\t\t\t\t<\/a>\n\t\t\t\t\t\t\t\t\t\t\t\t\t\t\t<\/div>\n\t\t\t\t\t<\/div>\n\t\t<\/div>\n\t\t\t\t\t<\/div>\n\t\t<\/section>\n\t\t\t\t<section class=\"elementor-section elementor-top-section elementor-element elementor-element-a249277 elementor-section-boxed elementor-section-height-default elementor-section-height-default\" data-id=\"a249277\" data-element_type=\"section\" data-e-type=\"section\">\n\t\t\t\t\t\t<div class=\"elementor-container elementor-column-gap-default\">\n\t\t\t\t\t<div class=\"elementor-column elementor-col-100 elementor-top-column elementor-element elementor-element-54d51a1\" data-id=\"54d51a1\" data-element_type=\"column\" data-e-type=\"column\">\n\t\t\t<div class=\"elementor-widget-wrap\">\n\t\t\t\t\t\t\t<\/div>\n\t\t<\/div>\n\t\t\t\t\t<\/div>\n\t\t<\/section>\n\t\t\t\t<section class=\"elementor-section elementor-top-section elementor-element elementor-element-6b30967 elementor-section-boxed elementor-section-height-default elementor-section-height-default\" data-id=\"6b30967\" data-element_type=\"section\" data-e-type=\"section\">\n\t\t\t\t\t\t<div class=\"elementor-container elementor-column-gap-default\">\n\t\t\t\t\t<div class=\"elementor-column elementor-col-100 elementor-top-column elementor-element elementor-element-d88b622\" data-id=\"d88b622\" data-element_type=\"column\" data-e-type=\"column\">\n\t\t\t<div class=\"elementor-widget-wrap elementor-element-populated\">\n\t\t\t\t\t\t<div class=\"elementor-element elementor-element-efbdb04 elementor-widget elementor-widget-text-editor\" data-id=\"efbdb04\" data-element_type=\"widget\" data-e-type=\"widget\" data-widget_type=\"text-editor.default\">\n\t\t\t\t\t\t\t\t\t<p>Kleinster Bioethanol-Kocher der Welt mit 1000 W<\/p>\t\t\t\t\t\t\t\t<\/div>\n\t\t\t\t\t<\/div>\n\t\t<\/div>\n\t\t\t\t\t<\/div>\n\t\t<\/section>\n\t\t\t\t<\/div>","protected":false},"excerpt":{"rendered":"<p>FB-02E Ideal stove for your home, boat, or summer cottage Large and stable enough to use normal cooking pots Requires minimal preparation to use Run time on a full tank is long enough for most uses and also social cooking Excellent stove for emergency use FB-02E Specifications Size (diameter \u00d7 height) 155 \u00d7 114 mm [&hellip;]<\/p>\n","protected":false},"author":2,"featured_media":0,"parent":0,"menu_order":0,"comment_status":"closed","ping_status":"closed","template":"elementor_header_footer","meta":{"inline_featured_image":false,"site-sidebar-layout":"no-sidebar","site-content-layout":"page-builder","ast-site-content-layout":"default","site-content-style":"default","site-sidebar-style":"default","ast-global-header-display":"","ast-banner-title-visibility":"","ast-main-header-display":"","ast-hfb-above-header-display":"","ast-hfb-below-header-display":"","ast-hfb-mobile-header-display":"","site-post-title":"disabled","ast-breadcrumbs-content":"","ast-featured-img":"disabled","footer-sml-layout":"","ast-disable-related-posts":"","theme-transparent-header-meta":"default","adv-header-id-meta":"","stick-header-meta":"","header-above-stick-meta":"","header-main-stick-meta":"","header-below-stick-meta":"","astra-migrate-meta-layouts":"default","ast-page-background-enabled":"default","ast-page-background-meta":{"desktop":{"background-color":"","background-image":"","background-repeat":"repeat","background-position":"center center","background-size":"auto","background-attachment":"scroll","background-type":"","background-media":"","overlay-type":"","overlay-color":"","overlay-opacity":"","overlay-gradient":""},"tablet":{"background-color":"","background-image":"","background-repeat":"repeat","background-position":"center center","background-size":"auto","background-attachment":"scroll","background-type":"","background-media":"","overlay-type":"","overlay-color":"","overlay-opacity":"","overlay-gradient":""},"mobile":{"background-color":"","background-image":"","background-repeat":"repeat","background-position":"center center","background-size":"auto","background-attachment":"scroll","background-type":"","background-media":"","overlay-type":"","overlay-color":"","overlay-opacity":"","overlay-gradient":""}},"ast-content-background-meta":{"desktop":{"background-color":"var(--ast-global-color-5)","background-image":"","background-repeat":"repeat","background-position":"center center","background-size":"auto","background-attachment":"scroll","background-type":"","background-media":"","overlay-type":"","overlay-color":"","overlay-opacity":"","overlay-gradient":""},"tablet":{"background-color":"var(--ast-global-color-5)","background-image":"","background-repeat":"repeat","background-position":"center center","background-size":"auto","background-attachment":"scroll","background-type":"","background-media":"","overlay-type":"","overlay-color":"","overlay-opacity":"","overlay-gradient":""},"mobile":{"background-color":"var(--ast-global-color-5)","background-image":"","background-repeat":"repeat","background-position":"center center","background-size":"auto","background-attachment":"scroll","background-type":"","background-media":"","overlay-type":"","overlay-color":"","overlay-opacity":"","overlay-gradient":""}},"footnotes":""},"class_list":["post-62","page","type-page","status-publish","hentry"],"aioseo_notices":[],"_links":{"self":[{"href":"http:\/\/www.fishbonestove.com\/de\/wp-json\/wp\/v2\/pages\/62","targetHints":{"allow":["GET"]}}],"collection":[{"href":"http:\/\/www.fishbonestove.com\/de\/wp-json\/wp\/v2\/pages"}],"about":[{"href":"http:\/\/www.fishbonestove.com\/de\/wp-json\/wp\/v2\/types\/page"}],"author":[{"embeddable":true,"href":"http:\/\/www.fishbonestove.com\/de\/wp-json\/wp\/v2\/users\/2"}],"replies":[{"embeddable":true,"href":"http:\/\/www.fishbonestove.com\/de\/wp-json\/wp\/v2\/comments?post=62"}],"version-history":[{"count":52,"href":"http:\/\/www.fishbonestove.com\/de\/wp-json\/wp\/v2\/pages\/62\/revisions"}],"predecessor-version":[{"id":621,"href":"http:\/\/www.fishbonestove.com\/de\/wp-json\/wp\/v2\/pages\/62\/revisions\/621"}],"wp:attachment":[{"href":"http:\/\/www.fishbonestove.com\/de\/wp-json\/wp\/v2\/media?parent=62"}],"curies":[{"name":"wp","href":"https:\/\/api.w.org\/{rel}","templated":true}]}}